{"id":182,"date":"2025-10-15T04:55:09","date_gmt":"2025-10-15T04:55:09","guid":{"rendered":"http:\/\/www.avanteperu.com.pe\/?page_id=182"},"modified":"2025-10-22T07:23:10","modified_gmt":"2025-10-22T07:23:10","slug":"asesoramiento-y-diagnostico-de-certificaciones","status":"publish","type":"page","link":"http:\/\/www.avanteperu.com.pe\/?page_id=182","title":{"rendered":"Asesoramiento y diagn\u00f3stico de certificaciones"},"content":{"rendered":"\n<h2 class=\"wp-block-heading\"><\/h2>\n\n\n\n<div class=\"wp-block-cover\" style=\"border-radius:100px\"><img loading=\"lazy\" decoding=\"async\" width=\"1024\" height=\"651\" class=\"wp-block-cover__image-background wp-image-183\" alt=\"\" src=\"http:\/\/www.avanteperu.com.pe\/wp-content\/uploads\/2025\/10\/food7-7-1024x651.jpg\" data-object-fit=\"cover\" srcset=\"http:\/\/www.avanteperu.com.pe\/wp-content\/uploads\/2025\/10\/food7-7-1024x651.jpg 1024w, http:\/\/www.avanteperu.com.pe\/wp-content\/uploads\/2025\/10\/food7-7-300x191.jpg 300w, http:\/\/www.avanteperu.com.pe\/wp-content\/uploads\/2025\/10\/food7-7-768x488.jpg 768w, http:\/\/www.avanteperu.com.pe\/wp-content\/uploads\/2025\/10\/food7-7-1536x976.jpg 1536w, http:\/\/www.avanteperu.com.pe\/wp-content\/uploads\/2025\/10\/food7-7.jpg 1700w\" sizes=\"auto, (max-width: 1024px) 100vw, 1024px\" \/><span aria-hidden=\"true\" class=\"wp-block-cover__background has-background-dim\"><\/span><div class=\"wp-block-cover__inner-container is-layout-flow wp-block-cover-is-layout-flow\">\n<p class=\"has-text-align-center has-large-font-size\"><strong><em>Asesoramiento y diagn\u00f3stico de certificaciones<\/em><\/strong><\/p>\n<\/div><\/div>\n\n\n\n<ul class=\"wp-block-list\">\n<li><\/li>\n<\/ul>\n\n\n\n<blockquote class=\"wp-block-quote is-layout-flow wp-block-quote-is-layout-flow\">\n<p class=\"has-text-align-center has-theme-palette-9-color has-text-color has-background has-link-color has-medium-font-size wp-elements-49bf5d963c9265454f314186836f00cc\" style=\"border-radius:100px;background:linear-gradient(314deg,rgb(60,84,60) 0%,rgb(190,224,148) 100%)\"><em><strong>Avanzamos contigo hacia un futuro m\u00e1s seguro y sostenible<\/strong><\/em><\/p>\n<\/blockquote>\n\n\n\n<div class=\"wp-block-group\"><div class=\"wp-block-group__inner-container is-layout-constrained wp-block-group-is-layout-constrained\">\n<div class=\"wp-block-media-text is-stacked-on-mobile has-background\" style=\"border-radius:46px;background:linear-gradient(135deg,rgba(7,146,227,0) 0%,rgb(190,224,148) 100%);padding-top:0;padding-right:var(--wp--preset--spacing--20);padding-bottom:0;padding-left:var(--wp--preset--spacing--20);grid-template-columns:46% auto\"><figure class=\"wp-block-media-text__media\"><img loading=\"lazy\" decoding=\"async\" width=\"1024\" height=\"682\" src=\"http:\/\/www.avanteperu.com.pe\/wp-content\/uploads\/2025\/10\/WhatsApp-Image-2025-10-16-at-8.15.48-PM-1024x682.jpeg\" alt=\"\" class=\"wp-image-256 size-full\" srcset=\"http:\/\/www.avanteperu.com.pe\/wp-content\/uploads\/2025\/10\/WhatsApp-Image-2025-10-16-at-8.15.48-PM-1024x682.jpeg 1024w, http:\/\/www.avanteperu.com.pe\/wp-content\/uploads\/2025\/10\/WhatsApp-Image-2025-10-16-at-8.15.48-PM-300x200.jpeg 300w, http:\/\/www.avanteperu.com.pe\/wp-content\/uploads\/2025\/10\/WhatsApp-Image-2025-10-16-at-8.15.48-PM-768x512.jpeg 768w, http:\/\/www.avanteperu.com.pe\/wp-content\/uploads\/2025\/10\/WhatsApp-Image-2025-10-16-at-8.15.48-PM.jpeg 1280w\" sizes=\"auto, (max-width: 1024px) 100vw, 1024px\" \/><\/figure><div class=\"wp-block-media-text__content\">\n<p><strong>Inspecci\u00f3n de diagn\u00f3stico (evaluaci\u00f3n de las operaciones y las condiciones de las instalaciones)<\/strong>.<\/p>\n\n\n\n<p><strong>Asesor\u00eda para la implementaci\u00f3n de certificaciones como ISO 22000, FSCC 22000 e ISO 9001.<\/strong><\/p>\n\n\n\n<p style=\"margin-top:var(--wp--preset--spacing--40);margin-right:0;margin-bottom:var(--wp--preset--spacing--40);margin-left:0\"><strong>Asesor\u00eda para la mejora de los programas espec\u00edficos como:<\/strong> <strong>\u00abGesti\u00f3n y Control de Al\u00e9rgenos\u00bb, \u00abControl de Objetos Extra\u00f1os\u00bb, \u00abProductos Qu\u00edmicos\u00bb y \u00abValidaci\u00f3n de Programas de Limpieza y Desinfecci\u00f3n\u00bb.<\/strong><\/p>\n\n\n\n<p style=\"margin-top:var(--wp--preset--spacing--30);margin-right:0;margin-bottom:var(--wp--preset--spacing--30);margin-left:0\"><strong>Asesor\u00eda y asistencia para la validaci\u00f3n de PCCs<\/strong>.<\/p>\n<\/div><\/div>\n\n\n\n<div class=\"wp-block-columns alignfull are-vertically-aligned-center is-layout-flex wp-container-core-columns-is-layout-9d6595d7 wp-block-columns-is-layout-flex\">\n<div class=\"wp-block-column is-vertically-aligned-center is-layout-flow wp-block-column-is-layout-flow\" style=\"flex-basis:100%\">\n<figure class=\"wp-block-gallery has-nested-images columns-default is-cropped wp-block-gallery-4 is-layout-flex wp-block-gallery-is-layout-flex\">\n<figure class=\"wp-block-image size-large wp-duotone-unset-1\"><img loading=\"lazy\" decoding=\"async\" width=\"1024\" height=\"683\" data-id=\"188\" src=\"http:\/\/www.avanteperu.com.pe\/wp-content\/uploads\/2025\/10\/food5-8.jpg\" alt=\"\" class=\"wp-image-188\" srcset=\"http:\/\/www.avanteperu.com.pe\/wp-content\/uploads\/2025\/10\/food5-8.jpg 1024w, http:\/\/www.avanteperu.com.pe\/wp-content\/uploads\/2025\/10\/food5-8-300x200.jpg 300w, http:\/\/www.avanteperu.com.pe\/wp-content\/uploads\/2025\/10\/food5-8-768x512.jpg 768w\" sizes=\"auto, (max-width: 1024px) 100vw, 1024px\" \/><\/figure>\n\n\n\n<figure class=\"wp-block-image size-large wp-duotone-unset-2\"><img loading=\"lazy\" decoding=\"async\" width=\"1024\" height=\"683\" data-id=\"166\" src=\"http:\/\/www.avanteperu.com.pe\/wp-content\/uploads\/2025\/10\/food15-3-1024x683.jpg\" alt=\"\" class=\"wp-image-166\" srcset=\"http:\/\/www.avanteperu.com.pe\/wp-content\/uploads\/2025\/10\/food15-3-1024x683.jpg 1024w, http:\/\/www.avanteperu.com.pe\/wp-content\/uploads\/2025\/10\/food15-3-300x200.jpg 300w, http:\/\/www.avanteperu.com.pe\/wp-content\/uploads\/2025\/10\/food15-3-768x512.jpg 768w, http:\/\/www.avanteperu.com.pe\/wp-content\/uploads\/2025\/10\/food15-3-1536x1025.jpg 1536w, http:\/\/www.avanteperu.com.pe\/wp-content\/uploads\/2025\/10\/food15-3-2048x1366.jpg 2048w\" sizes=\"auto, (max-width: 1024px) 100vw, 1024px\" \/><\/figure>\n\n\n\n<figure class=\"wp-block-image size-large wp-duotone-unset-3\"><img loading=\"lazy\" decoding=\"async\" width=\"1024\" height=\"683\" data-id=\"178\" src=\"http:\/\/www.avanteperu.com.pe\/wp-content\/uploads\/2025\/10\/food10-1024x683.jpg\" alt=\"\" class=\"wp-image-178\" srcset=\"http:\/\/www.avanteperu.com.pe\/wp-content\/uploads\/2025\/10\/food10-1024x683.jpg 1024w, http:\/\/www.avanteperu.com.pe\/wp-content\/uploads\/2025\/10\/food10-300x200.jpg 300w, http:\/\/www.avanteperu.com.pe\/wp-content\/uploads\/2025\/10\/food10-768x513.jpg 768w, http:\/\/www.avanteperu.com.pe\/wp-content\/uploads\/2025\/10\/food10-1536x1025.jpg 1536w, http:\/\/www.avanteperu.com.pe\/wp-content\/uploads\/2025\/10\/food10-2048x1367.jpg 2048w\" sizes=\"auto, (max-width: 1024px) 100vw, 1024px\" \/><\/figure>\n<\/figure>\n<\/div>\n<\/div>\n<\/div><\/div>\n\n\n\n<div class=\"wp-block-group alignfull has-theme-palette-9-color has-text-color has-background has-link-color wp-elements-ea7dac3b09039bc4bf69fb41474d0ebc is-content-justification-space-between is-layout-flex wp-container-core-group-is-layout-0904c582 wp-block-group-is-layout-flex\" style=\"background-color:#3c543c;margin-top:0;margin-bottom:0;padding-top:var(--wp--preset--spacing--50);padding-right:var(--wp--preset--spacing--30);padding-bottom:var(--wp--preset--spacing--50);padding-left:var(--wp--preset--spacing--30)\">\n<div class=\"wp-block-group wp-container-content-9cfa9a5a is-vertical is-layout-flex wp-container-core-group-is-layout-b7faace9 wp-block-group-is-layout-flex\"><h1 class=\"wp-block-site-title has-medium-font-size\"><a href=\"http:\/\/www.avanteperu.com.pe\" target=\"_self\" rel=\"home\">Avante Per&uacute;<\/a><\/h1>\n\n\n<p class=\"has-text-align-left\">Urb. Los Sauces 219<br>Surquillo,<br>Lima-Per\u00fa<\/p>\n\n\n\n<p class=\"has-text-align-left has-small-font-size\"><\/p>\n\n\n\n<div style=\"height:0px\" aria-hidden=\"true\" class=\"wp-block-spacer wp-container-content-541a6b20\"><\/div>\n<\/div>\n\n\n\n<div class=\"wp-block-group is-content-justification-right is-layout-flex wp-container-core-group-is-layout-58daa69f wp-block-group-is-layout-flex\">\n<div class=\"wp-block-group is-vertical is-layout-flex wp-container-core-group-is-layout-8cf370e7 wp-block-group-is-layout-flex\">\n<p class=\"has-text-align-left\">P\u00e1ginas<\/p>\n\n\n<nav class=\"has-small-font-size items-justified-left is-vertical no-wrap wp-block-navigation is-content-justification-left is-nowrap is-layout-flex wp-container-core-navigation-is-layout-13b8677b wp-block-navigation-is-layout-flex\" aria-label=\"Men\u00fa Cabecera\"><ul class=\"wp-block-navigation__container has-small-font-size items-justified-left is-vertical no-wrap wp-block-navigation has-small-font-size\"><li class=\"has-small-font-size wp-block-navigation-item wp-block-navigation-link\"><a class=\"wp-block-navigation-item__content\"  href=\"http:\/\/www.avanteperu.com.pe\/\"><span class=\"wp-block-navigation-item__label\">AVANTE<\/span><\/a><\/li><li class=\"has-small-font-size wp-block-navigation-item wp-block-navigation-link\"><a class=\"wp-block-navigation-item__content\"  href=\"http:\/\/www.avanteperu.com.pe\/?page_id=293\"><span class=\"wp-block-navigation-item__label\">NOSOTROS<\/span><\/a><\/li><li class=\"has-small-font-size wp-block-navigation-item wp-block-navigation-link\"><a class=\"wp-block-navigation-item__content\"  href=\"http:\/\/www.avanteperu.com.pe\/?page_id=219\"><span class=\"wp-block-navigation-item__label\">SERVICIOS<\/span><\/a><\/li><\/ul><\/nav>\n\n\n<div style=\"height:0px\" aria-hidden=\"true\" class=\"wp-block-spacer wp-container-content-541a6b20\"><\/div>\n<\/div>\n\n\n\n<div class=\"wp-block-group is-vertical is-layout-flex wp-container-core-group-is-layout-8cf370e7 wp-block-group-is-layout-flex\">\n<p class=\"has-text-align-left\">Social <\/p>\n\n\n\n<div class=\"wp-block-group is-vertical is-layout-flex wp-container-core-group-is-layout-21dde593 wp-block-group-is-layout-flex\">\n<p><a href=\"https:\/\/www.facebook.com\/share\/14KrQeGP32c\/?mibextid=wwXIfr\">Facebook<\/a><\/p>\n\n\n\n<p><a href=\"https:\/\/www.instagram.com\/avante_peru?igsh=MWc4M3RybDVxemhqZQ%3D%3D&amp;utm_source=qr\" data-type=\"link\" data-id=\"https:\/\/www.instagram.com\/avante_peru?igsh=MWc4M3RybDVxemhqZQ%3D%3D&amp;utm_source=qr\">Instagram<\/a><\/p>\n\n\n\n<p><a href=\"https:\/\/www.linkedin.com\/company\/avante-per%C3%BA\/\" data-type=\"link\" data-id=\"https:\/\/www.linkedin.com\/company\/avante-per%C3%BA\/\">LinkedIn<\/a><\/p>\n<\/div>\n\n\n\n<div style=\"height:0px\" aria-hidden=\"true\" class=\"wp-block-spacer wp-container-content-541a6b20\"><\/div>\n<\/div>\n<\/div>\n<\/div>\n","protected":false},"excerpt":{"rendered":"<p>Avanzamos contigo hacia un futuro m\u00e1s seguro y sostenible Inspecci\u00f3n de diagn\u00f3stico (evaluaci\u00f3n de las operaciones y las condiciones de las instalaciones). Asesor\u00eda para la implementaci\u00f3n de certificaciones como ISO 22000, FSCC 22000 e ISO 9001. Asesor\u00eda para la mejora de los programas espec\u00edficos como: \u00abGesti\u00f3n y Control de Al\u00e9rgenos\u00bb, \u00abControl de Objetos Extra\u00f1os\u00bb, \u00abProductos&#8230;<\/p>\n","protected":false},"author":1,"featured_media":0,"parent":219,"menu_order":-1,"comment_status":"closed","ping_status":"closed","template":"","meta":{"_kadence_starter_templates_imported_post":false,"_kad_post_transparent":"","_kad_post_title":"","_kad_post_layout":"","_kad_post_sidebar_id":"","_kad_post_content_style":"","_kad_post_vertical_padding":"","_kad_post_feature":"default","_kad_post_feature_position":"","_kad_post_header":false,"_kad_post_footer":false,"_kad_post_classname":"","footnotes":""},"class_list":["post-182","page","type-page","status-publish","hentry"],"_links":{"self":[{"href":"http:\/\/www.avanteperu.com.pe\/index.php?rest_route=\/wp\/v2\/pages\/182","targetHints":{"allow":["GET"]}}],"collection":[{"href":"http:\/\/www.avanteperu.com.pe\/index.php?rest_route=\/wp\/v2\/pages"}],"about":[{"href":"http:\/\/www.avanteperu.com.pe\/index.php?rest_route=\/wp\/v2\/types\/page"}],"author":[{"embeddable":true,"href":"http:\/\/www.avanteperu.com.pe\/index.php?rest_route=\/wp\/v2\/users\/1"}],"replies":[{"embeddable":true,"href":"http:\/\/www.avanteperu.com.pe\/index.php?rest_route=%2Fwp%2Fv2%2Fcomments&post=182"}],"version-history":[{"count":11,"href":"http:\/\/www.avanteperu.com.pe\/index.php?rest_route=\/wp\/v2\/pages\/182\/revisions"}],"predecessor-version":[{"id":344,"href":"http:\/\/www.avanteperu.com.pe\/index.php?rest_route=\/wp\/v2\/pages\/182\/revisions\/344"}],"up":[{"embeddable":true,"href":"http:\/\/www.avanteperu.com.pe\/index.php?rest_route=\/wp\/v2\/pages\/219"}],"wp:attachment":[{"href":"http:\/\/www.avanteperu.com.pe\/index.php?rest_route=%2Fwp%2Fv2%2Fmedia&parent=182"}],"curies":[{"name":"wp","href":"https:\/\/api.w.org\/{rel}","templated":true}]}}