{"id":198,"date":"2025-10-15T05:11:23","date_gmt":"2025-10-15T05:11:23","guid":{"rendered":"http:\/\/www.avanteperu.com.pe\/?page_id=198"},"modified":"2025-10-22T07:26:25","modified_gmt":"2025-10-22T07:26:25","slug":"desarrollo-de-programas-de-control","status":"publish","type":"page","link":"http:\/\/www.avanteperu.com.pe\/?page_id=198","title":{"rendered":"Desarrollo de Programas de Control"},"content":{"rendered":"\n<div class=\"wp-block-cover\" style=\"border-radius:100px\"><img loading=\"lazy\" decoding=\"async\" width=\"1024\" height=\"651\" class=\"wp-block-cover__image-background wp-image-179\" alt=\"\" src=\"http:\/\/www.avanteperu.com.pe\/wp-content\/uploads\/2025\/10\/food7-6-1024x651.jpg\" data-object-fit=\"cover\" srcset=\"http:\/\/www.avanteperu.com.pe\/wp-content\/uploads\/2025\/10\/food7-6-1024x651.jpg 1024w, http:\/\/www.avanteperu.com.pe\/wp-content\/uploads\/2025\/10\/food7-6-300x191.jpg 300w, http:\/\/www.avanteperu.com.pe\/wp-content\/uploads\/2025\/10\/food7-6-768x488.jpg 768w, http:\/\/www.avanteperu.com.pe\/wp-content\/uploads\/2025\/10\/food7-6-1536x976.jpg 1536w, http:\/\/www.avanteperu.com.pe\/wp-content\/uploads\/2025\/10\/food7-6.jpg 1700w\" sizes=\"auto, (max-width: 1024px) 100vw, 1024px\" \/><span aria-hidden=\"true\" class=\"wp-block-cover__background has-background-dim\"><\/span><div class=\"wp-block-cover__inner-container is-layout-flow wp-block-cover-is-layout-flow\">\n<p class=\"has-text-align-center has-larger-font-size\"><strong><em>Desarrollo de Programas de Control<\/em><\/strong><\/p>\n<\/div><\/div>\n\n\n\n<blockquote class=\"wp-block-quote is-layout-flow wp-block-quote-is-layout-flow\">\n<p class=\"has-text-align-center has-theme-palette-9-color has-text-color has-background has-link-color wp-elements-7e5f579590e038f71c19cd58cc51073e\" style=\"border-radius:100px;background:linear-gradient(276deg,rgb(60,84,60) 0%,rgb(190,224,148) 100%)\"><strong>Somos tus aliados en innovaci\u00f3n, seguridad y calidad<\/strong><\/p>\n<\/blockquote>\n\n\n\n<div class=\"wp-block-media-text is-stacked-on-mobile has-background\" style=\"border-radius:50px;background:linear-gradient(135deg,rgba(7,146,227,0) 0%,rgb(190,224,148) 100%);margin-top:0;margin-right:var(--wp--preset--spacing--30);margin-bottom:0;margin-left:var(--wp--preset--spacing--30)\"><figure class=\"wp-block-media-text__media\"><img loading=\"lazy\" decoding=\"async\" width=\"1024\" height=\"683\" src=\"http:\/\/www.avanteperu.com.pe\/wp-content\/uploads\/2025\/10\/food5.jpg\" alt=\"\" class=\"wp-image-24 size-full\" srcset=\"http:\/\/www.avanteperu.com.pe\/wp-content\/uploads\/2025\/10\/food5.jpg 1024w, http:\/\/www.avanteperu.com.pe\/wp-content\/uploads\/2025\/10\/food5-300x200.jpg 300w, http:\/\/www.avanteperu.com.pe\/wp-content\/uploads\/2025\/10\/food5-768x512.jpg 768w\" sizes=\"auto, (max-width: 1024px) 100vw, 1024px\" \/><\/figure><div class=\"wp-block-media-text__content\">\n<blockquote class=\"wp-block-quote is-layout-flow wp-block-quote-is-layout-flow\">\n<p><strong>Dise\u00f1amos e implementamos programas de inocuidad y calidad a tu medida.<\/strong><\/p>\n<\/blockquote>\n\n\n\n<ul class=\"wp-block-list\">\n<li><strong>Programa de Control de Al\u00e9rgenos<\/strong><\/li>\n<\/ul>\n\n\n\n<ul class=\"wp-block-list\">\n<li><strong>Programa de Control de Plagas<\/strong><\/li>\n<\/ul>\n\n\n\n<ul class=\"wp-block-list\">\n<li><strong>Programa de Vidrios y Pl\u00e1sticos quebradizos<\/strong><\/li>\n<\/ul>\n\n\n\n<ul class=\"wp-block-list\">\n<li><strong>Programa de Objetos Extra\u00f1os<\/strong><\/li>\n<\/ul>\n\n\n\n<ul class=\"wp-block-list\">\n<li><strong>Programa de Productos Qu\u00edmicos<\/strong><\/li>\n<\/ul>\n\n\n\n<ul class=\"wp-block-list\">\n<li><strong>Programa de Manejo de Residuos <\/strong><\/li>\n<\/ul>\n\n\n\n<ul class=\"wp-block-list\">\n<li><strong>Programa de Capacitaci\u00f3n<\/strong><\/li>\n<\/ul>\n<\/div><\/div>\n\n\n\n<figure class=\"wp-block-gallery has-nested-images columns-default is-cropped wp-block-gallery-1 is-layout-flex wp-block-gallery-is-layout-flex\" style=\"margin-top:var(--wp--preset--spacing--50);margin-right:var(--wp--preset--spacing--30);margin-bottom:var(--wp--preset--spacing--50);margin-left:var(--wp--preset--spacing--30)\">\n<figure class=\"wp-block-image size-large\"><img loading=\"lazy\" decoding=\"async\" width=\"1024\" height=\"683\" data-id=\"266\" src=\"http:\/\/www.avanteperu.com.pe\/wp-content\/uploads\/2025\/10\/Control-de-plagas-1024x683.webp\" alt=\"\" class=\"wp-image-266\" srcset=\"http:\/\/www.avanteperu.com.pe\/wp-content\/uploads\/2025\/10\/Control-de-plagas-1024x683.webp 1024w, http:\/\/www.avanteperu.com.pe\/wp-content\/uploads\/2025\/10\/Control-de-plagas-300x200.webp 300w, http:\/\/www.avanteperu.com.pe\/wp-content\/uploads\/2025\/10\/Control-de-plagas-768x512.webp 768w, http:\/\/www.avanteperu.com.pe\/wp-content\/uploads\/2025\/10\/Control-de-plagas.webp 1121w\" sizes=\"auto, (max-width: 1024px) 100vw, 1024px\" \/><figcaption class=\"wp-element-caption\">Programa de Control de Plagas<\/figcaption><\/figure>\n\n\n\n<figure class=\"wp-block-image size-large\"><img loading=\"lazy\" decoding=\"async\" width=\"1024\" height=\"848\" data-id=\"268\" src=\"http:\/\/www.avanteperu.com.pe\/wp-content\/uploads\/2025\/10\/WhatsApp-Image-2025-10-21-at-8.58.26-PM-1-1024x848.jpeg\" alt=\"\" class=\"wp-image-268\" srcset=\"http:\/\/www.avanteperu.com.pe\/wp-content\/uploads\/2025\/10\/WhatsApp-Image-2025-10-21-at-8.58.26-PM-1-1024x848.jpeg 1024w, http:\/\/www.avanteperu.com.pe\/wp-content\/uploads\/2025\/10\/WhatsApp-Image-2025-10-21-at-8.58.26-PM-1-300x248.jpeg 300w, http:\/\/www.avanteperu.com.pe\/wp-content\/uploads\/2025\/10\/WhatsApp-Image-2025-10-21-at-8.58.26-PM-1-768x636.jpeg 768w, http:\/\/www.avanteperu.com.pe\/wp-content\/uploads\/2025\/10\/WhatsApp-Image-2025-10-21-at-8.58.26-PM-1.jpeg 1159w\" sizes=\"auto, (max-width: 1024px) 100vw, 1024px\" \/><figcaption class=\"wp-element-caption\">Varillas magn\u00e9ticas &#8211; Programa de Objetos Extra\u00f1os<\/figcaption><\/figure>\n\n\n\n<figure class=\"wp-block-image size-large\"><img loading=\"lazy\" decoding=\"async\" width=\"755\" height=\"1024\" data-id=\"270\" src=\"http:\/\/www.avanteperu.com.pe\/wp-content\/uploads\/2025\/10\/ChatGPT-Image-21-oct-2025-09_56_13-p.m-755x1024.png\" alt=\"\" class=\"wp-image-270\" srcset=\"http:\/\/www.avanteperu.com.pe\/wp-content\/uploads\/2025\/10\/ChatGPT-Image-21-oct-2025-09_56_13-p.m-755x1024.png 755w, http:\/\/www.avanteperu.com.pe\/wp-content\/uploads\/2025\/10\/ChatGPT-Image-21-oct-2025-09_56_13-p.m-221x300.png 221w, http:\/\/www.avanteperu.com.pe\/wp-content\/uploads\/2025\/10\/ChatGPT-Image-21-oct-2025-09_56_13-p.m-768x1042.png 768w, http:\/\/www.avanteperu.com.pe\/wp-content\/uploads\/2025\/10\/ChatGPT-Image-21-oct-2025-09_56_13-p.m.png 919w\" sizes=\"auto, (max-width: 755px) 100vw, 755px\" \/><figcaption class=\"wp-element-caption\">Verificaci\u00f3n de residuos de prote\u00ednas &#8211; Programa de Al\u00e9rgenos<\/figcaption><\/figure>\n<\/figure>\n\n\n\n<div class=\"wp-block-group alignfull has-theme-palette-9-color has-text-color has-background has-link-color wp-elements-ea7dac3b09039bc4bf69fb41474d0ebc is-content-justification-space-between is-layout-flex wp-container-core-group-is-layout-0904c582 wp-block-group-is-layout-flex\" style=\"background-color:#3c543c;margin-top:0;margin-bottom:0;padding-top:var(--wp--preset--spacing--50);padding-right:var(--wp--preset--spacing--30);padding-bottom:var(--wp--preset--spacing--50);padding-left:var(--wp--preset--spacing--30)\">\n<div class=\"wp-block-group wp-container-content-9cfa9a5a is-vertical is-layout-flex wp-container-core-group-is-layout-b7faace9 wp-block-group-is-layout-flex\"><h1 class=\"wp-block-site-title has-medium-font-size\"><a href=\"http:\/\/www.avanteperu.com.pe\" target=\"_self\" rel=\"home\">Avante Per&uacute;<\/a><\/h1>\n\n\n<p class=\"has-text-align-left\">Urb. Los Sauces 219<br>Surquillo,<br>Lima-Per\u00fa<\/p>\n\n\n\n<p class=\"has-text-align-left has-small-font-size\"><\/p>\n\n\n\n<div style=\"height:0px\" aria-hidden=\"true\" class=\"wp-block-spacer wp-container-content-541a6b20\"><\/div>\n<\/div>\n\n\n\n<div class=\"wp-block-group is-content-justification-right is-layout-flex wp-container-core-group-is-layout-58daa69f wp-block-group-is-layout-flex\">\n<div class=\"wp-block-group is-vertical is-layout-flex wp-container-core-group-is-layout-8cf370e7 wp-block-group-is-layout-flex\">\n<p class=\"has-text-align-left\">P\u00e1ginas<\/p>\n\n\n<nav class=\"has-small-font-size items-justified-left is-vertical no-wrap wp-block-navigation is-content-justification-left is-nowrap is-layout-flex wp-container-core-navigation-is-layout-13b8677b wp-block-navigation-is-layout-flex\" aria-label=\"Men\u00fa Cabecera\"><ul class=\"wp-block-navigation__container has-small-font-size items-justified-left is-vertical no-wrap wp-block-navigation has-small-font-size\"><li class=\"has-small-font-size wp-block-navigation-item wp-block-navigation-link\"><a class=\"wp-block-navigation-item__content\"  href=\"http:\/\/www.avanteperu.com.pe\/\"><span class=\"wp-block-navigation-item__label\">AVANTE<\/span><\/a><\/li><li class=\"has-small-font-size wp-block-navigation-item wp-block-navigation-link\"><a class=\"wp-block-navigation-item__content\"  href=\"http:\/\/www.avanteperu.com.pe\/?page_id=293\"><span class=\"wp-block-navigation-item__label\">NOSOTROS<\/span><\/a><\/li><li class=\"has-small-font-size wp-block-navigation-item wp-block-navigation-link\"><a class=\"wp-block-navigation-item__content\"  href=\"http:\/\/www.avanteperu.com.pe\/?page_id=219\"><span class=\"wp-block-navigation-item__label\">SERVICIOS<\/span><\/a><\/li><\/ul><\/nav>\n\n\n<div style=\"height:0px\" aria-hidden=\"true\" class=\"wp-block-spacer wp-container-content-541a6b20\"><\/div>\n<\/div>\n\n\n\n<div class=\"wp-block-group is-vertical is-layout-flex wp-container-core-group-is-layout-8cf370e7 wp-block-group-is-layout-flex\">\n<p class=\"has-text-align-left\">Social <\/p>\n\n\n\n<div class=\"wp-block-group is-vertical is-layout-flex wp-container-core-group-is-layout-21dde593 wp-block-group-is-layout-flex\">\n<p><a href=\"https:\/\/www.facebook.com\/share\/14KrQeGP32c\/?mibextid=wwXIfr\">Facebook<\/a><\/p>\n\n\n\n<p><a href=\"https:\/\/www.instagram.com\/avante_peru?igsh=MWc4M3RybDVxemhqZQ%3D%3D&amp;utm_source=qr\" data-type=\"link\" data-id=\"https:\/\/www.instagram.com\/avante_peru?igsh=MWc4M3RybDVxemhqZQ%3D%3D&amp;utm_source=qr\">Instagram<\/a><\/p>\n\n\n\n<p><a href=\"https:\/\/www.linkedin.com\/company\/avante-per%C3%BA\/\" data-type=\"link\" data-id=\"https:\/\/www.linkedin.com\/company\/avante-per%C3%BA\/\">LinkedIn<\/a><\/p>\n<\/div>\n\n\n\n<div style=\"height:0px\" aria-hidden=\"true\" class=\"wp-block-spacer wp-container-content-541a6b20\"><\/div>\n<\/div>\n<\/div>\n<\/div>\n\n\n\n<div class=\"wp-block-group is-nowrap is-layout-flex wp-container-core-group-is-layout-ad2f72ca wp-block-group-is-layout-flex\">\n<div class=\"wp-block-group\"><div class=\"wp-block-group__inner-container is-layout-constrained wp-block-group-is-layout-constrained\"><\/div><\/div>\n<\/div>\n","protected":false},"excerpt":{"rendered":"<p>Somos tus aliados en innovaci\u00f3n, seguridad y calidad<\/p>\n","protected":false},"author":1,"featured_media":0,"parent":219,"menu_order":-4,"comment_status":"closed","ping_status":"closed","template":"","meta":{"_kadence_starter_templates_imported_post":false,"_kad_post_transparent":"","_kad_post_title":"","_kad_post_layout":"","_kad_post_sidebar_id":"","_kad_post_content_style":"","_kad_post_vertical_padding":"","_kad_post_feature":"","_kad_post_feature_position":"","_kad_post_header":false,"_kad_post_footer":false,"_kad_post_classname":"","footnotes":""},"class_list":["post-198","page","type-page","status-publish","hentry"],"_links":{"self":[{"href":"http:\/\/www.avanteperu.com.pe\/index.php?rest_route=\/wp\/v2\/pages\/198","targetHints":{"allow":["GET"]}}],"collection":[{"href":"http:\/\/www.avanteperu.com.pe\/index.php?rest_route=\/wp\/v2\/pages"}],"about":[{"href":"http:\/\/www.avanteperu.com.pe\/index.php?rest_route=\/wp\/v2\/types\/page"}],"author":[{"embeddable":true,"href":"http:\/\/www.avanteperu.com.pe\/index.php?rest_route=\/wp\/v2\/users\/1"}],"replies":[{"embeddable":true,"href":"http:\/\/www.avanteperu.com.pe\/index.php?rest_route=%2Fwp%2Fv2%2Fcomments&post=198"}],"version-history":[{"count":9,"href":"http:\/\/www.avanteperu.com.pe\/index.php?rest_route=\/wp\/v2\/pages\/198\/revisions"}],"predecessor-version":[{"id":348,"href":"http:\/\/www.avanteperu.com.pe\/index.php?rest_route=\/wp\/v2\/pages\/198\/revisions\/348"}],"up":[{"embeddable":true,"href":"http:\/\/www.avanteperu.com.pe\/index.php?rest_route=\/wp\/v2\/pages\/219"}],"wp:attachment":[{"href":"http:\/\/www.avanteperu.com.pe\/index.php?rest_route=%2Fwp%2Fv2%2Fmedia&parent=198"}],"curies":[{"name":"wp","href":"https:\/\/api.w.org\/{rel}","templated":true}]}}